{"id":1428,"date":"2025-07-14T06:44:21","date_gmt":"2025-07-14T06:44:21","guid":{"rendered":"https:\/\/relaxed-bell.82-223-204-184.plesk.page\/nosotras\/"},"modified":"2025-08-26T11:22:24","modified_gmt":"2025-08-26T11:22:24","slug":"nosotras","status":"publish","type":"page","link":"https:\/\/www.estampadosinfantiles.com\/en\/nosotras\/","title":{"rendered":"Covadonga Jaquete &amp; Mar\u00eda Pastor"},"content":{"rendered":"\t\t<div data-elementor-type=\"wp-page\" data-elementor-id=\"1428\" class=\"elementor elementor-1428 elementor-101\" data-elementor-post-type=\"page\">\n\t\t\t\t<div class=\"elementor-element elementor-element-88493e0 e-flex e-con-boxed e-con e-parent\" data-id=\"88493e0\" data-element_type=\"container\" data-e-type=\"container\">\n\t\t\t\t\t<div class=\"e-con-inner\">\n\t\t<div class=\"elementor-element elementor-element-0f404c4 e-con-full e-flex e-con e-child\" data-id=\"0f404c4\" data-element_type=\"container\" data-e-type=\"container\">\n\t\t\t\t<div class=\"elementor-element elementor-element-7169d41 elementor-widget elementor-widget-image\" data-id=\"7169d41\" data-element_type=\"widget\" data-e-type=\"widget\" data-widget_type=\"image.default\">\n\t\t\t\t\t\t\t\t\t\t\t\t\t\t\t<img fetchpriority=\"high\" decoding=\"async\" width=\"614\" height=\"817\" src=\"https:\/\/www.estampadosinfantiles.com\/wp-content\/uploads\/2025\/07\/cuadros_estampaciones.jpg\" class=\"attachment-large size-large wp-image-322\" alt=\"\" srcset=\"https:\/\/www.estampadosinfantiles.com\/wp-content\/uploads\/2025\/07\/cuadros_estampaciones.jpg 614w, https:\/\/www.estampadosinfantiles.com\/wp-content\/uploads\/2025\/07\/cuadros_estampaciones-225x300.jpg 225w, https:\/\/www.estampadosinfantiles.com\/wp-content\/uploads\/2025\/07\/cuadros_estampaciones-600x798.jpg 600w\" sizes=\"(max-width: 614px) 100vw, 614px\" \/>\t\t\t\t\t\t\t\t\t\t\t\t\t\t\t<\/div>\n\t\t\t\t<\/div>\n\t\t<div class=\"elementor-element elementor-element-28ef0a5 e-con-full e-flex e-con e-child\" data-id=\"28ef0a5\" data-element_type=\"container\" data-e-type=\"container\">\n\t\t\t\t<div class=\"elementor-element elementor-element-8e01a19 elementor-widget elementor-widget-heading\" data-id=\"8e01a19\" data-element_type=\"widget\" data-e-type=\"widget\" data-widget_type=\"heading.default\">\n\t\t\t\t\t<h1 class=\"elementor-heading-title elementor-size-default\">Covadonga Jaquete &amp; Mar\u00eda Pastor<\/h1>\t\t\t\t<\/div>\n\t\t\t\t<div class=\"elementor-element elementor-element-5eef6f5 elementor-widget elementor-widget-heading\" data-id=\"5eef6f5\" data-element_type=\"widget\" data-e-type=\"widget\" data-widget_type=\"heading.default\">\n\t\t\t\t\t<h2 class=\"elementor-heading-title elementor-size-default\">Exclusive prints in Madrid<\/h2>\t\t\t\t<\/div>\n\t\t\t\t<div class=\"elementor-element elementor-element-2f9bc78 elementor-widget elementor-widget-text-editor\" data-id=\"2f9bc78\" data-element_type=\"widget\" data-e-type=\"widget\" data-widget_type=\"text-editor.default\">\n\t\t\t\t\t\t\t\t\t<p>Since 2012, our studio has been creating original and exclusive prints. Inspired by the beauty of nature, we design charming patterns full of colour and delicacy.<\/p><p>Our exclusive prints are perfect for adding a special touch to a wide range of products.<\/p><p>We work with sectors such as childrenswear, babycare textiles, swimwear, womenswear, wallpapers, and creative stationery.<\/p>\t\t\t\t\t\t\t\t<\/div>\n\t\t\t\t<\/div>\n\t\t\t\t\t<\/div>\n\t\t\t\t<\/div>\n\t\t\t\t<\/div>\n\t\t","protected":false},"excerpt":{"rendered":"<p>Covadonga Jaquete &amp; Mar\u00eda Pastor Exclusive prints in Madrid Since 2012, our studio has been creating original and exclusive prints. Inspired by the beauty of nature, we design charming patterns full of colour and delicacy. Our exclusive prints are perfect for adding a special touch to a wide range of products. We work with sectors [&hellip;]<\/p>\n","protected":false},"author":1,"featured_media":0,"parent":0,"menu_order":0,"comment_status":"closed","ping_status":"closed","template":"","meta":{"footnotes":""},"class_list":["post-1428","page","type-page","status-publish","hentry"],"yoast_head":"<!-- This site is optimized with the Yoast SEO plugin v27.0 - https:\/\/yoast.com\/product\/yoast-seo-wordpress\/ -->\n<title>Covadonga Jaquete &amp; Mar\u00eda Pastor - Covadonga Jaquete &amp; Mar\u00eda Pastor<\/title>\n<meta name=\"robots\" content=\"index, follow, max-snippet:-1, max-image-preview:large, max-video-preview:-1\" \/>\n<link rel=\"canonical\" href=\"https:\/\/www.estampadosinfantiles.com\/en\/nosotras\/\" \/>\n<meta property=\"og:locale\" content=\"en_US\" \/>\n<meta property=\"og:type\" content=\"article\" \/>\n<meta property=\"og:title\" content=\"Covadonga Jaquete &amp; Mar\u00eda Pastor - Covadonga Jaquete &amp; Mar\u00eda Pastor\" \/>\n<meta property=\"og:description\" content=\"Covadonga Jaquete &amp; Mar\u00eda Pastor Exclusive prints in Madrid Since 2012, our studio has been creating original and exclusive prints. Inspired by the beauty of nature, we design charming patterns full of colour and delicacy. Our exclusive prints are perfect for adding a special touch to a wide range of products. We work with sectors [&hellip;]\" \/>\n<meta property=\"og:url\" content=\"https:\/\/www.estampadosinfantiles.com\/en\/nosotras\/\" \/>\n<meta property=\"og:site_name\" content=\"Covadonga Jaquete &amp; Mar\u00eda Pastor\" \/>\n<meta property=\"article:modified_time\" content=\"2025-08-26T11:22:24+00:00\" \/>\n<meta property=\"og:image\" content=\"https:\/\/www.estampadosinfantiles.com\/wp-content\/uploads\/2025\/07\/cuadros_estampaciones.jpg\" \/>\n\t<meta property=\"og:image:width\" content=\"614\" \/>\n\t<meta property=\"og:image:height\" content=\"817\" \/>\n\t<meta property=\"og:image:type\" content=\"image\/jpeg\" \/>\n<meta name=\"twitter:card\" content=\"summary_large_image\" \/>\n<meta name=\"twitter:label1\" content=\"Est. reading time\" \/>\n\t<meta name=\"twitter:data1\" content=\"1 minute\" \/>\n<script type=\"application\/ld+json\" class=\"yoast-schema-graph\">{\"@context\":\"https:\/\/schema.org\",\"@graph\":[{\"@type\":\"WebPage\",\"@id\":\"https:\/\/www.estampadosinfantiles.com\/en\/nosotras\/\",\"url\":\"https:\/\/www.estampadosinfantiles.com\/en\/nosotras\/\",\"name\":\"Covadonga Jaquete &amp; Mar\u00eda Pastor - Covadonga Jaquete &amp; Mar\u00eda Pastor\",\"isPartOf\":{\"@id\":\"https:\/\/www.estampadosinfantiles.com\/en\/#website\"},\"primaryImageOfPage\":{\"@id\":\"https:\/\/www.estampadosinfantiles.com\/en\/nosotras\/#primaryimage\"},\"image\":{\"@id\":\"https:\/\/www.estampadosinfantiles.com\/en\/nosotras\/#primaryimage\"},\"thumbnailUrl\":\"https:\/\/www.estampadosinfantiles.com\/wp-content\/uploads\/2025\/07\/cuadros_estampaciones.jpg\",\"datePublished\":\"2025-07-14T06:44:21+00:00\",\"dateModified\":\"2025-08-26T11:22:24+00:00\",\"breadcrumb\":{\"@id\":\"https:\/\/www.estampadosinfantiles.com\/en\/nosotras\/#breadcrumb\"},\"inLanguage\":\"en-US\",\"potentialAction\":[{\"@type\":\"ReadAction\",\"target\":[\"https:\/\/www.estampadosinfantiles.com\/en\/nosotras\/\"]}]},{\"@type\":\"ImageObject\",\"inLanguage\":\"en-US\",\"@id\":\"https:\/\/www.estampadosinfantiles.com\/en\/nosotras\/#primaryimage\",\"url\":\"https:\/\/www.estampadosinfantiles.com\/wp-content\/uploads\/2025\/07\/cuadros_estampaciones.jpg\",\"contentUrl\":\"https:\/\/www.estampadosinfantiles.com\/wp-content\/uploads\/2025\/07\/cuadros_estampaciones.jpg\"},{\"@type\":\"BreadcrumbList\",\"@id\":\"https:\/\/www.estampadosinfantiles.com\/en\/nosotras\/#breadcrumb\",\"itemListElement\":[{\"@type\":\"ListItem\",\"position\":1,\"name\":\"Portada\",\"item\":\"https:\/\/www.estampadosinfantiles.com\/en\/\"},{\"@type\":\"ListItem\",\"position\":2,\"name\":\"Covadonga Jaquete &amp; Mar\u00eda Pastor\"}]},{\"@type\":\"WebSite\",\"@id\":\"https:\/\/www.estampadosinfantiles.com\/en\/#website\",\"url\":\"https:\/\/www.estampadosinfantiles.com\/en\/\",\"name\":\"Covadonga Jaquete &amp; Mar\u00eda Pastor\",\"description\":\"\",\"publisher\":{\"@id\":\"https:\/\/www.estampadosinfantiles.com\/en\/#organization\"},\"potentialAction\":[{\"@type\":\"SearchAction\",\"target\":{\"@type\":\"EntryPoint\",\"urlTemplate\":\"https:\/\/www.estampadosinfantiles.com\/en\/?s={search_term_string}\"},\"query-input\":{\"@type\":\"PropertyValueSpecification\",\"valueRequired\":true,\"valueName\":\"search_term_string\"}}],\"inLanguage\":\"en-US\"},{\"@type\":\"Organization\",\"@id\":\"https:\/\/www.estampadosinfantiles.com\/en\/#organization\",\"name\":\"Covadonga Jaquete &amp; Mar\u00eda Pastor\",\"url\":\"https:\/\/www.estampadosinfantiles.com\/en\/\",\"logo\":{\"@type\":\"ImageObject\",\"inLanguage\":\"en-US\",\"@id\":\"https:\/\/www.estampadosinfantiles.com\/en\/#\/schema\/logo\/image\/\",\"url\":\"https:\/\/www.estampadosinfantiles.com\/wp-content\/uploads\/2025\/07\/logo.svg\",\"contentUrl\":\"https:\/\/www.estampadosinfantiles.com\/wp-content\/uploads\/2025\/07\/logo.svg\",\"width\":558,\"height\":26,\"caption\":\"Covadonga Jaquete &amp; Mar\u00eda Pastor\"},\"image\":{\"@id\":\"https:\/\/www.estampadosinfantiles.com\/en\/#\/schema\/logo\/image\/\"}}]}<\/script>\n<!-- \/ Yoast SEO plugin. -->","yoast_head_json":{"title":"Covadonga Jaquete &amp; Mar\u00eda Pastor - Covadonga Jaquete &amp; Mar\u00eda Pastor","robots":{"index":"index","follow":"follow","max-snippet":"max-snippet:-1","max-image-preview":"max-image-preview:large","max-video-preview":"max-video-preview:-1"},"canonical":"https:\/\/www.estampadosinfantiles.com\/en\/nosotras\/","og_locale":"en_US","og_type":"article","og_title":"Covadonga Jaquete &amp; Mar\u00eda Pastor - Covadonga Jaquete &amp; Mar\u00eda Pastor","og_description":"Covadonga Jaquete &amp; Mar\u00eda Pastor Exclusive prints in Madrid Since 2012, our studio has been creating original and exclusive prints. Inspired by the beauty of nature, we design charming patterns full of colour and delicacy. Our exclusive prints are perfect for adding a special touch to a wide range of products. We work with sectors [&hellip;]","og_url":"https:\/\/www.estampadosinfantiles.com\/en\/nosotras\/","og_site_name":"Covadonga Jaquete &amp; Mar\u00eda Pastor","article_modified_time":"2025-08-26T11:22:24+00:00","og_image":[{"width":614,"height":817,"url":"https:\/\/www.estampadosinfantiles.com\/wp-content\/uploads\/2025\/07\/cuadros_estampaciones.jpg","type":"image\/jpeg"}],"twitter_card":"summary_large_image","twitter_misc":{"Est. reading time":"1 minute"},"schema":{"@context":"https:\/\/schema.org","@graph":[{"@type":"WebPage","@id":"https:\/\/www.estampadosinfantiles.com\/en\/nosotras\/","url":"https:\/\/www.estampadosinfantiles.com\/en\/nosotras\/","name":"Covadonga Jaquete &amp; Mar\u00eda Pastor - Covadonga Jaquete &amp; Mar\u00eda Pastor","isPartOf":{"@id":"https:\/\/www.estampadosinfantiles.com\/en\/#website"},"primaryImageOfPage":{"@id":"https:\/\/www.estampadosinfantiles.com\/en\/nosotras\/#primaryimage"},"image":{"@id":"https:\/\/www.estampadosinfantiles.com\/en\/nosotras\/#primaryimage"},"thumbnailUrl":"https:\/\/www.estampadosinfantiles.com\/wp-content\/uploads\/2025\/07\/cuadros_estampaciones.jpg","datePublished":"2025-07-14T06:44:21+00:00","dateModified":"2025-08-26T11:22:24+00:00","breadcrumb":{"@id":"https:\/\/www.estampadosinfantiles.com\/en\/nosotras\/#breadcrumb"},"inLanguage":"en-US","potentialAction":[{"@type":"ReadAction","target":["https:\/\/www.estampadosinfantiles.com\/en\/nosotras\/"]}]},{"@type":"ImageObject","inLanguage":"en-US","@id":"https:\/\/www.estampadosinfantiles.com\/en\/nosotras\/#primaryimage","url":"https:\/\/www.estampadosinfantiles.com\/wp-content\/uploads\/2025\/07\/cuadros_estampaciones.jpg","contentUrl":"https:\/\/www.estampadosinfantiles.com\/wp-content\/uploads\/2025\/07\/cuadros_estampaciones.jpg"},{"@type":"BreadcrumbList","@id":"https:\/\/www.estampadosinfantiles.com\/en\/nosotras\/#breadcrumb","itemListElement":[{"@type":"ListItem","position":1,"name":"Portada","item":"https:\/\/www.estampadosinfantiles.com\/en\/"},{"@type":"ListItem","position":2,"name":"Covadonga Jaquete &amp; Mar\u00eda Pastor"}]},{"@type":"WebSite","@id":"https:\/\/www.estampadosinfantiles.com\/en\/#website","url":"https:\/\/www.estampadosinfantiles.com\/en\/","name":"Covadonga Jaquete &amp; Mar\u00eda Pastor","description":"","publisher":{"@id":"https:\/\/www.estampadosinfantiles.com\/en\/#organization"},"potentialAction":[{"@type":"SearchAction","target":{"@type":"EntryPoint","urlTemplate":"https:\/\/www.estampadosinfantiles.com\/en\/?s={search_term_string}"},"query-input":{"@type":"PropertyValueSpecification","valueRequired":true,"valueName":"search_term_string"}}],"inLanguage":"en-US"},{"@type":"Organization","@id":"https:\/\/www.estampadosinfantiles.com\/en\/#organization","name":"Covadonga Jaquete &amp; Mar\u00eda Pastor","url":"https:\/\/www.estampadosinfantiles.com\/en\/","logo":{"@type":"ImageObject","inLanguage":"en-US","@id":"https:\/\/www.estampadosinfantiles.com\/en\/#\/schema\/logo\/image\/","url":"https:\/\/www.estampadosinfantiles.com\/wp-content\/uploads\/2025\/07\/logo.svg","contentUrl":"https:\/\/www.estampadosinfantiles.com\/wp-content\/uploads\/2025\/07\/logo.svg","width":558,"height":26,"caption":"Covadonga Jaquete &amp; Mar\u00eda Pastor"},"image":{"@id":"https:\/\/www.estampadosinfantiles.com\/en\/#\/schema\/logo\/image\/"}}]}},"_links":{"self":[{"href":"https:\/\/www.estampadosinfantiles.com\/en\/wp-json\/wp\/v2\/pages\/1428","targetHints":{"allow":["GET"]}}],"collection":[{"href":"https:\/\/www.estampadosinfantiles.com\/en\/wp-json\/wp\/v2\/pages"}],"about":[{"href":"https:\/\/www.estampadosinfantiles.com\/en\/wp-json\/wp\/v2\/types\/page"}],"author":[{"embeddable":true,"href":"https:\/\/www.estampadosinfantiles.com\/en\/wp-json\/wp\/v2\/users\/1"}],"replies":[{"embeddable":true,"href":"https:\/\/www.estampadosinfantiles.com\/en\/wp-json\/wp\/v2\/comments?post=1428"}],"version-history":[{"count":4,"href":"https:\/\/www.estampadosinfantiles.com\/en\/wp-json\/wp\/v2\/pages\/1428\/revisions"}],"predecessor-version":[{"id":1524,"href":"https:\/\/www.estampadosinfantiles.com\/en\/wp-json\/wp\/v2\/pages\/1428\/revisions\/1524"}],"wp:attachment":[{"href":"https:\/\/www.estampadosinfantiles.com\/en\/wp-json\/wp\/v2\/media?parent=1428"}],"curies":[{"name":"wp","href":"https:\/\/api.w.org\/{rel}","templated":true}]}}