{"id":1416,"date":"2025-07-14T07:22:48","date_gmt":"2025-07-14T07:22:48","guid":{"rendered":"https:\/\/relaxed-bell.82-223-204-184.plesk.page\/clientes\/"},"modified":"2025-08-26T11:19:16","modified_gmt":"2025-08-26T11:19:16","slug":"clients","status":"publish","type":"page","link":"https:\/\/www.estampadosinfantiles.com\/en\/clients\/","title":{"rendered":"Clients"},"content":{"rendered":"\t\t<div data-elementor-type=\"wp-page\" data-elementor-id=\"1416\" class=\"elementor elementor-1416 elementor-142\" data-elementor-post-type=\"page\">\n\t\t\t\t<div class=\"elementor-element elementor-element-ac24f3b e-flex e-con-boxed e-con e-parent\" data-id=\"ac24f3b\" data-element_type=\"container\" data-e-type=\"container\">\n\t\t\t\t\t<div class=\"e-con-inner\">\n\t\t\t\t<div class=\"elementor-element elementor-element-2385757 elementor-widget elementor-widget-image\" data-id=\"2385757\" data-element_type=\"widget\" data-e-type=\"widget\" data-widget_type=\"image.default\">\n\t\t\t\t\t\t\t\t\t\t\t\t\t\t\t<img fetchpriority=\"high\" decoding=\"async\" width=\"1440\" height=\"642\" src=\"https:\/\/www.estampadosinfantiles.com\/wp-content\/uploads\/2025\/07\/clientes.jpg\" class=\"attachment-full size-full wp-image-331\" alt=\"\" srcset=\"https:\/\/www.estampadosinfantiles.com\/wp-content\/uploads\/2025\/07\/clientes.jpg 1440w, https:\/\/www.estampadosinfantiles.com\/wp-content\/uploads\/2025\/07\/clientes-300x134.jpg 300w, https:\/\/www.estampadosinfantiles.com\/wp-content\/uploads\/2025\/07\/clientes-1024x457.jpg 1024w, https:\/\/www.estampadosinfantiles.com\/wp-content\/uploads\/2025\/07\/clientes-768x342.jpg 768w, https:\/\/www.estampadosinfantiles.com\/wp-content\/uploads\/2025\/07\/clientes-600x268.jpg 600w\" sizes=\"(max-width: 1440px) 100vw, 1440px\" \/>\t\t\t\t\t\t\t\t\t\t\t\t\t\t\t<\/div>\n\t\t\t\t\t<\/div>\n\t\t\t\t<\/div>\n\t\t<div class=\"elementor-element elementor-element-3200d47 e-flex e-con-boxed e-con e-parent\" data-id=\"3200d47\" data-element_type=\"container\" data-e-type=\"container\">\n\t\t\t\t\t<div class=\"e-con-inner\">\n\t\t\t\t<div class=\"elementor-element elementor-element-3162016 elementor-widget elementor-widget-heading\" data-id=\"3162016\" data-element_type=\"widget\" data-e-type=\"widget\" data-widget_type=\"heading.default\">\n\t\t\t\t\t<h1 class=\"elementor-heading-title elementor-size-default\">Clients<\/h1>\t\t\t\t<\/div>\n\t\t<div class=\"elementor-element elementor-element-30e101c e-con-full e-flex e-con e-child\" data-id=\"30e101c\" data-element_type=\"container\" data-e-type=\"container\">\n\t\t<div class=\"elementor-element elementor-element-e581a8f e-con-full e-flex e-con e-child\" data-id=\"e581a8f\" data-element_type=\"container\" data-e-type=\"container\">\n\t\t\t\t<div class=\"elementor-element elementor-element-a5a7e91 pais elementor-widget elementor-widget-heading\" data-id=\"a5a7e91\" data-element_type=\"widget\" data-e-type=\"widget\" data-widget_type=\"heading.default\">\n\t\t\t\t\t<div class=\"elementor-heading-title elementor-size-default\">Spain<\/div>\t\t\t\t<\/div>\n\t\t\t\t<div class=\"elementor-element elementor-element-1560849 elementor-widget elementor-widget-text-editor\" data-id=\"1560849\" data-element_type=\"widget\" data-e-type=\"widget\" data-widget_type=\"text-editor.default\">\n\t\t\t\t\t\t\t\t\t<p>Bidi Baby<\/p><p>Birinit Petit<\/p><p>Camacha &#8211; Swimwear<\/p><p>Clovet Petit<\/p><p>Cotoli<\/p><p>Dimelohilando<\/p><p>Do\u00f1a Carmen<\/p><p>Egatex &#8211; Sleepwear &amp; Homewear<\/p><p>Friki<\/p><p>Gabis<\/p><p>Labub\u00e9<\/p><p>Le Petit Nub\u00f3<\/p><p>Lolilota<\/p><p>Mamitis<\/p><p>Manuela Montero<\/p>\t\t\t\t\t\t\t\t<\/div>\n\t\t\t\t<\/div>\n\t\t<div class=\"elementor-element elementor-element-e7d1012 e-con-full e-flex e-con e-child\" data-id=\"e7d1012\" data-element_type=\"container\" data-e-type=\"container\">\n\t\t\t\t<div class=\"elementor-element elementor-element-5c118b7 elementor-widget elementor-widget-text-editor\" data-id=\"5c118b7\" data-element_type=\"widget\" data-e-type=\"widget\" data-widget_type=\"text-editor.default\">\n\t\t\t\t\t\t\t\t\t<p>Mebi Root<\/p><p>Mia y Lia<\/p><p>Minu &amp; Baby<\/p><p>Nait Nait<\/p><p>Petite Marmotte<\/p><p>Pompoko<\/p><p>Sainte Claire<\/p><p>The New Society<\/p>\t\t\t\t\t\t\t\t<\/div>\n\t\t\t\t<div class=\"elementor-element elementor-element-32ebb0a pais elementor-widget elementor-widget-heading\" data-id=\"32ebb0a\" data-element_type=\"widget\" data-e-type=\"widget\" data-widget_type=\"heading.default\">\n\t\t\t\t\t<div class=\"elementor-heading-title elementor-size-default\">Italy<\/div>\t\t\t\t<\/div>\n\t\t\t\t<div class=\"elementor-element elementor-element-e9f7ca7 elementor-widget elementor-widget-text-editor\" data-id=\"e9f7ca7\" data-element_type=\"widget\" data-e-type=\"widget\" data-widget_type=\"text-editor.default\">\n\t\t\t\t\t\t\t\t\t<p>Rilievi (<em>Bologna<\/em>)<\/p>\t\t\t\t\t\t\t\t<\/div>\n\t\t\t\t<div class=\"elementor-element elementor-element-3af2fee pais elementor-widget elementor-widget-heading\" data-id=\"3af2fee\" data-element_type=\"widget\" data-e-type=\"widget\" data-widget_type=\"heading.default\">\n\t\t\t\t\t<div class=\"elementor-heading-title elementor-size-default\">Denmark<\/div>\t\t\t\t<\/div>\n\t\t\t\t<div class=\"elementor-element elementor-element-47e01ba elementor-widget elementor-widget-text-editor\" data-id=\"47e01ba\" data-element_type=\"widget\" data-e-type=\"widget\" data-widget_type=\"text-editor.default\">\n\t\t\t\t\t\t\t\t\t<p>Cam Cam (<em>Copenhagen<\/em>)<\/p>\t\t\t\t\t\t\t\t<\/div>\n\t\t\t\t<div class=\"elementor-element elementor-element-019f68b pais elementor-widget elementor-widget-heading\" data-id=\"019f68b\" data-element_type=\"widget\" data-e-type=\"widget\" data-widget_type=\"heading.default\">\n\t\t\t\t\t<div class=\"elementor-heading-title elementor-size-default\">Germany<\/div>\t\t\t\t<\/div>\n\t\t\t\t<div class=\"elementor-element elementor-element-172a8e9 elementor-widget elementor-widget-text-editor\" data-id=\"172a8e9\" data-element_type=\"widget\" data-e-type=\"widget\" data-widget_type=\"text-editor.default\">\n\t\t\t\t\t\t\t\t\t<p>C. Pauli GmbH (Waldbr\u00f6l)<\/p><p>Sterntaler GmbH (Dorndorf)<\/p><p>Sorgenfri GmbH (Kiel) Hemmers<\/p><p>Itex (Nordhorn)<\/p>\t\t\t\t\t\t\t\t<\/div>\n\t\t\t\t<\/div>\n\t\t<div class=\"elementor-element elementor-element-f050ddd e-con-full e-flex e-con e-child\" data-id=\"f050ddd\" data-element_type=\"container\" data-e-type=\"container\">\n\t\t\t\t<div class=\"elementor-element elementor-element-edcfe30 pais elementor-widget elementor-widget-heading\" data-id=\"edcfe30\" data-element_type=\"widget\" data-e-type=\"widget\" data-widget_type=\"heading.default\">\n\t\t\t\t\t<div class=\"elementor-heading-title elementor-size-default\">France<\/div>\t\t\t\t<\/div>\n\t\t\t\t<div class=\"elementor-element elementor-element-ba4db8e elementor-widget elementor-widget-text-editor\" data-id=\"ba4db8e\" data-element_type=\"widget\" data-e-type=\"widget\" data-widget_type=\"text-editor.default\">\n\t\t\t\t\t\t\t\t\t<p>Lizybiz (<em>Paris<\/em>)<\/p>\t\t\t\t\t\t\t\t<\/div>\n\t\t\t\t<div class=\"elementor-element elementor-element-4446fc3 pais elementor-widget elementor-widget-heading\" data-id=\"4446fc3\" data-element_type=\"widget\" data-e-type=\"widget\" data-widget_type=\"heading.default\">\n\t\t\t\t\t<div class=\"elementor-heading-title elementor-size-default\">Belgium<\/div>\t\t\t\t<\/div>\n\t\t\t\t<div class=\"elementor-element elementor-element-4052d9d elementor-widget elementor-widget-text-editor\" data-id=\"4052d9d\" data-element_type=\"widget\" data-e-type=\"widget\" data-widget_type=\"text-editor.default\">\n\t\t\t\t\t\t\t\t\t<p>Buissonniere<\/p>\t\t\t\t\t\t\t\t<\/div>\n\t\t\t\t<div class=\"elementor-element elementor-element-f91604e pais elementor-widget elementor-widget-heading\" data-id=\"f91604e\" data-element_type=\"widget\" data-e-type=\"widget\" data-widget_type=\"heading.default\">\n\t\t\t\t\t<div class=\"elementor-heading-title elementor-size-default\">United Kingdom<\/div>\t\t\t\t<\/div>\n\t\t\t\t<div class=\"elementor-element elementor-element-50950ba elementor-widget elementor-widget-text-editor\" data-id=\"50950ba\" data-element_type=\"widget\" data-e-type=\"widget\" data-widget_type=\"text-editor.default\">\n\t\t\t\t\t\t\t\t\t<p>Nui Ami (<em>London<\/em>) &#8211; Lingerie<\/p>\t\t\t\t\t\t\t\t<\/div>\n\t\t\t\t<div class=\"elementor-element elementor-element-344e767 pais elementor-widget elementor-widget-heading\" data-id=\"344e767\" data-element_type=\"widget\" data-e-type=\"widget\" data-widget_type=\"heading.default\">\n\t\t\t\t\t<div class=\"elementor-heading-title elementor-size-default\">CHINA<\/div>\t\t\t\t<\/div>\n\t\t\t\t<div class=\"elementor-element elementor-element-6b5be92 elementor-widget elementor-widget-text-editor\" data-id=\"6b5be92\" data-element_type=\"widget\" data-e-type=\"widget\" data-widget_type=\"text-editor.default\">\n\t\t\t\t\t\t\t\t\t<p>Grace Chen (<em>Shangai<\/em>)<\/p><p>Eral (<em>Lishui<\/em>)<\/p>\t\t\t\t\t\t\t\t<\/div>\n\t\t\t\t<\/div>\n\t\t\t\t<\/div>\n\t\t\t\t\t<\/div>\n\t\t\t\t<\/div>\n\t\t\t\t<\/div>\n\t\t","protected":false},"excerpt":{"rendered":"<p>Clients Spain Bidi Baby Birinit Petit Camacha &#8211; Swimwear Clovet Petit Cotoli Dimelohilando Do\u00f1a Carmen Egatex &#8211; Sleepwear &amp; Homewear Friki Gabis Labub\u00e9 Le Petit Nub\u00f3 Lolilota Mamitis Manuela Montero Mebi Root Mia y Lia Minu &amp; Baby Nait Nait Petite Marmotte Pompoko Sainte Claire The New Society Italy Rilievi (Bologna) Denmark Cam Cam (Copenhagen) [&hellip;]<\/p>\n","protected":false},"author":1,"featured_media":0,"parent":0,"menu_order":0,"comment_status":"closed","ping_status":"closed","template":"","meta":{"footnotes":""},"class_list":["post-1416","page","type-page","status-publish","hentry"],"yoast_head":"<!-- This site is optimized with the Yoast SEO plugin v27.0 - https:\/\/yoast.com\/product\/yoast-seo-wordpress\/ -->\n<title>Clients - Covadonga Jaquete &amp; Mar\u00eda Pastor<\/title>\n<meta name=\"robots\" content=\"index, follow, max-snippet:-1, max-image-preview:large, max-video-preview:-1\" \/>\n<link rel=\"canonical\" href=\"https:\/\/www.estampadosinfantiles.com\/en\/clients\/\" \/>\n<meta property=\"og:locale\" content=\"en_US\" \/>\n<meta property=\"og:type\" content=\"article\" \/>\n<meta property=\"og:title\" content=\"Clients - Covadonga Jaquete &amp; Mar\u00eda Pastor\" \/>\n<meta property=\"og:description\" content=\"Clients Spain Bidi Baby Birinit Petit Camacha &#8211; Swimwear Clovet Petit Cotoli Dimelohilando Do\u00f1a Carmen Egatex &#8211; Sleepwear &amp; Homewear Friki Gabis Labub\u00e9 Le Petit Nub\u00f3 Lolilota Mamitis Manuela Montero Mebi Root Mia y Lia Minu &amp; Baby Nait Nait Petite Marmotte Pompoko Sainte Claire The New Society Italy Rilievi (Bologna) Denmark Cam Cam (Copenhagen) [&hellip;]\" \/>\n<meta property=\"og:url\" content=\"https:\/\/www.estampadosinfantiles.com\/en\/clients\/\" \/>\n<meta property=\"og:site_name\" content=\"Covadonga Jaquete &amp; Mar\u00eda Pastor\" \/>\n<meta property=\"article:modified_time\" content=\"2025-08-26T11:19:16+00:00\" \/>\n<meta property=\"og:image\" content=\"https:\/\/www.estampadosinfantiles.com\/wp-content\/uploads\/2025\/07\/clientes.jpg\" \/>\n\t<meta property=\"og:image:width\" content=\"1440\" \/>\n\t<meta property=\"og:image:height\" content=\"642\" \/>\n\t<meta property=\"og:image:type\" content=\"image\/jpeg\" \/>\n<meta name=\"twitter:card\" content=\"summary_large_image\" \/>\n<meta name=\"twitter:label1\" content=\"Est. reading time\" \/>\n\t<meta name=\"twitter:data1\" content=\"1 minute\" \/>\n<script type=\"application\/ld+json\" class=\"yoast-schema-graph\">{\"@context\":\"https:\/\/schema.org\",\"@graph\":[{\"@type\":\"WebPage\",\"@id\":\"https:\/\/www.estampadosinfantiles.com\/en\/clients\/\",\"url\":\"https:\/\/www.estampadosinfantiles.com\/en\/clients\/\",\"name\":\"Clients - Covadonga Jaquete &amp; Mar\u00eda Pastor\",\"isPartOf\":{\"@id\":\"https:\/\/www.estampadosinfantiles.com\/en\/#website\"},\"primaryImageOfPage\":{\"@id\":\"https:\/\/www.estampadosinfantiles.com\/en\/clients\/#primaryimage\"},\"image\":{\"@id\":\"https:\/\/www.estampadosinfantiles.com\/en\/clients\/#primaryimage\"},\"thumbnailUrl\":\"https:\/\/www.estampadosinfantiles.com\/wp-content\/uploads\/2025\/07\/clientes.jpg\",\"datePublished\":\"2025-07-14T07:22:48+00:00\",\"dateModified\":\"2025-08-26T11:19:16+00:00\",\"breadcrumb\":{\"@id\":\"https:\/\/www.estampadosinfantiles.com\/en\/clients\/#breadcrumb\"},\"inLanguage\":\"en-US\",\"potentialAction\":[{\"@type\":\"ReadAction\",\"target\":[\"https:\/\/www.estampadosinfantiles.com\/en\/clients\/\"]}]},{\"@type\":\"ImageObject\",\"inLanguage\":\"en-US\",\"@id\":\"https:\/\/www.estampadosinfantiles.com\/en\/clients\/#primaryimage\",\"url\":\"https:\/\/www.estampadosinfantiles.com\/wp-content\/uploads\/2025\/07\/clientes.jpg\",\"contentUrl\":\"https:\/\/www.estampadosinfantiles.com\/wp-content\/uploads\/2025\/07\/clientes.jpg\"},{\"@type\":\"BreadcrumbList\",\"@id\":\"https:\/\/www.estampadosinfantiles.com\/en\/clients\/#breadcrumb\",\"itemListElement\":[{\"@type\":\"ListItem\",\"position\":1,\"name\":\"Portada\",\"item\":\"https:\/\/www.estampadosinfantiles.com\/en\/\"},{\"@type\":\"ListItem\",\"position\":2,\"name\":\"Clients\"}]},{\"@type\":\"WebSite\",\"@id\":\"https:\/\/www.estampadosinfantiles.com\/en\/#website\",\"url\":\"https:\/\/www.estampadosinfantiles.com\/en\/\",\"name\":\"Covadonga Jaquete &amp; Mar\u00eda Pastor\",\"description\":\"\",\"publisher\":{\"@id\":\"https:\/\/www.estampadosinfantiles.com\/en\/#organization\"},\"potentialAction\":[{\"@type\":\"SearchAction\",\"target\":{\"@type\":\"EntryPoint\",\"urlTemplate\":\"https:\/\/www.estampadosinfantiles.com\/en\/?s={search_term_string}\"},\"query-input\":{\"@type\":\"PropertyValueSpecification\",\"valueRequired\":true,\"valueName\":\"search_term_string\"}}],\"inLanguage\":\"en-US\"},{\"@type\":\"Organization\",\"@id\":\"https:\/\/www.estampadosinfantiles.com\/en\/#organization\",\"name\":\"Covadonga Jaquete &amp; Mar\u00eda Pastor\",\"url\":\"https:\/\/www.estampadosinfantiles.com\/en\/\",\"logo\":{\"@type\":\"ImageObject\",\"inLanguage\":\"en-US\",\"@id\":\"https:\/\/www.estampadosinfantiles.com\/en\/#\/schema\/logo\/image\/\",\"url\":\"https:\/\/www.estampadosinfantiles.com\/wp-content\/uploads\/2025\/07\/logo.svg\",\"contentUrl\":\"https:\/\/www.estampadosinfantiles.com\/wp-content\/uploads\/2025\/07\/logo.svg\",\"width\":558,\"height\":26,\"caption\":\"Covadonga Jaquete &amp; Mar\u00eda Pastor\"},\"image\":{\"@id\":\"https:\/\/www.estampadosinfantiles.com\/en\/#\/schema\/logo\/image\/\"}}]}<\/script>\n<!-- \/ Yoast SEO plugin. -->","yoast_head_json":{"title":"Clients - Covadonga Jaquete &amp; Mar\u00eda Pastor","robots":{"index":"index","follow":"follow","max-snippet":"max-snippet:-1","max-image-preview":"max-image-preview:large","max-video-preview":"max-video-preview:-1"},"canonical":"https:\/\/www.estampadosinfantiles.com\/en\/clients\/","og_locale":"en_US","og_type":"article","og_title":"Clients - Covadonga Jaquete &amp; Mar\u00eda Pastor","og_description":"Clients Spain Bidi Baby Birinit Petit Camacha &#8211; Swimwear Clovet Petit Cotoli Dimelohilando Do\u00f1a Carmen Egatex &#8211; Sleepwear &amp; Homewear Friki Gabis Labub\u00e9 Le Petit Nub\u00f3 Lolilota Mamitis Manuela Montero Mebi Root Mia y Lia Minu &amp; Baby Nait Nait Petite Marmotte Pompoko Sainte Claire The New Society Italy Rilievi (Bologna) Denmark Cam Cam (Copenhagen) [&hellip;]","og_url":"https:\/\/www.estampadosinfantiles.com\/en\/clients\/","og_site_name":"Covadonga Jaquete &amp; Mar\u00eda Pastor","article_modified_time":"2025-08-26T11:19:16+00:00","og_image":[{"width":1440,"height":642,"url":"https:\/\/www.estampadosinfantiles.com\/wp-content\/uploads\/2025\/07\/clientes.jpg","type":"image\/jpeg"}],"twitter_card":"summary_large_image","twitter_misc":{"Est. reading time":"1 minute"},"schema":{"@context":"https:\/\/schema.org","@graph":[{"@type":"WebPage","@id":"https:\/\/www.estampadosinfantiles.com\/en\/clients\/","url":"https:\/\/www.estampadosinfantiles.com\/en\/clients\/","name":"Clients - Covadonga Jaquete &amp; Mar\u00eda Pastor","isPartOf":{"@id":"https:\/\/www.estampadosinfantiles.com\/en\/#website"},"primaryImageOfPage":{"@id":"https:\/\/www.estampadosinfantiles.com\/en\/clients\/#primaryimage"},"image":{"@id":"https:\/\/www.estampadosinfantiles.com\/en\/clients\/#primaryimage"},"thumbnailUrl":"https:\/\/www.estampadosinfantiles.com\/wp-content\/uploads\/2025\/07\/clientes.jpg","datePublished":"2025-07-14T07:22:48+00:00","dateModified":"2025-08-26T11:19:16+00:00","breadcrumb":{"@id":"https:\/\/www.estampadosinfantiles.com\/en\/clients\/#breadcrumb"},"inLanguage":"en-US","potentialAction":[{"@type":"ReadAction","target":["https:\/\/www.estampadosinfantiles.com\/en\/clients\/"]}]},{"@type":"ImageObject","inLanguage":"en-US","@id":"https:\/\/www.estampadosinfantiles.com\/en\/clients\/#primaryimage","url":"https:\/\/www.estampadosinfantiles.com\/wp-content\/uploads\/2025\/07\/clientes.jpg","contentUrl":"https:\/\/www.estampadosinfantiles.com\/wp-content\/uploads\/2025\/07\/clientes.jpg"},{"@type":"BreadcrumbList","@id":"https:\/\/www.estampadosinfantiles.com\/en\/clients\/#breadcrumb","itemListElement":[{"@type":"ListItem","position":1,"name":"Portada","item":"https:\/\/www.estampadosinfantiles.com\/en\/"},{"@type":"ListItem","position":2,"name":"Clients"}]},{"@type":"WebSite","@id":"https:\/\/www.estampadosinfantiles.com\/en\/#website","url":"https:\/\/www.estampadosinfantiles.com\/en\/","name":"Covadonga Jaquete &amp; Mar\u00eda Pastor","description":"","publisher":{"@id":"https:\/\/www.estampadosinfantiles.com\/en\/#organization"},"potentialAction":[{"@type":"SearchAction","target":{"@type":"EntryPoint","urlTemplate":"https:\/\/www.estampadosinfantiles.com\/en\/?s={search_term_string}"},"query-input":{"@type":"PropertyValueSpecification","valueRequired":true,"valueName":"search_term_string"}}],"inLanguage":"en-US"},{"@type":"Organization","@id":"https:\/\/www.estampadosinfantiles.com\/en\/#organization","name":"Covadonga Jaquete &amp; Mar\u00eda Pastor","url":"https:\/\/www.estampadosinfantiles.com\/en\/","logo":{"@type":"ImageObject","inLanguage":"en-US","@id":"https:\/\/www.estampadosinfantiles.com\/en\/#\/schema\/logo\/image\/","url":"https:\/\/www.estampadosinfantiles.com\/wp-content\/uploads\/2025\/07\/logo.svg","contentUrl":"https:\/\/www.estampadosinfantiles.com\/wp-content\/uploads\/2025\/07\/logo.svg","width":558,"height":26,"caption":"Covadonga Jaquete &amp; Mar\u00eda Pastor"},"image":{"@id":"https:\/\/www.estampadosinfantiles.com\/en\/#\/schema\/logo\/image\/"}}]}},"_links":{"self":[{"href":"https:\/\/www.estampadosinfantiles.com\/en\/wp-json\/wp\/v2\/pages\/1416","targetHints":{"allow":["GET"]}}],"collection":[{"href":"https:\/\/www.estampadosinfantiles.com\/en\/wp-json\/wp\/v2\/pages"}],"about":[{"href":"https:\/\/www.estampadosinfantiles.com\/en\/wp-json\/wp\/v2\/types\/page"}],"author":[{"embeddable":true,"href":"https:\/\/www.estampadosinfantiles.com\/en\/wp-json\/wp\/v2\/users\/1"}],"replies":[{"embeddable":true,"href":"https:\/\/www.estampadosinfantiles.com\/en\/wp-json\/wp\/v2\/comments?post=1416"}],"version-history":[{"count":5,"href":"https:\/\/www.estampadosinfantiles.com\/en\/wp-json\/wp\/v2\/pages\/1416\/revisions"}],"predecessor-version":[{"id":1515,"href":"https:\/\/www.estampadosinfantiles.com\/en\/wp-json\/wp\/v2\/pages\/1416\/revisions\/1515"}],"wp:attachment":[{"href":"https:\/\/www.estampadosinfantiles.com\/en\/wp-json\/wp\/v2\/media?parent=1416"}],"curies":[{"name":"wp","href":"https:\/\/api.w.org\/{rel}","templated":true}]}}